{"id":13,"date":"2012-09-06T21:37:28","date_gmt":"2012-09-07T00:37:28","guid":{"rendered":"http:\/\/agressor.com.br\/ptbr\/?page_id=13"},"modified":"2023-03-10T19:44:53","modified_gmt":"2023-03-10T22:44:53","slug":"discografia","status":"publish","type":"page","link":"http:\/\/agressor.com.br\/ptbr\/discografia\/","title":{"rendered":"Discografia"},"content":{"rendered":"<h2>2016 &#8211; KILL OR DIE (Relan\u00e7amento em CD)<\/h2>\n<p><img loading=\"lazy\" decoding=\"async\" class=\"alignleft size-medium wp-image-35\" title=\"2001 - Kill or Die - M\u00eddia vinil\" src=\"http:\/\/agressor.com.br\/ptbr\/wp-content\/uploads\/2012\/09\/2001-Kill-or-Die-M\u00eddia-vinil-285x300.jpg\" alt=\"\" width=\"177\" height=\"177\" \/><\/p>\n<p>01. Intro<br \/>\n02. Kill or Die<br \/>\n03. Spirit of Death<br \/>\n04. Lullaby<br \/>\n05. Mercenary Politician<br \/>\n06. Toxicomaniac<br \/>\n07. Accidental Murder<\/p>\n<p>&nbsp;<\/p>\n<p>B\u00f4nus (Rehearsal)<\/p>\n<p style=\"padding-left: 195px;\">08. Spirit of Death (*)<br \/>\n09. Lullaby (*)<br \/>\n10. Kill or Die (**)<br \/>\n11. Lullaby (**)<br \/>\n12. Spirit of Death (**)<br \/>\n13. Mercenary Politician (**)<\/p>\n<p>EP (Relan\u00e7amento com b\u00f4nus, Biografia parte II e luva)<br \/>\nM\u00eddia: CD<\/p>\n<address>(* ) \u00a0Rehearsal # 01 &#8211; 1988<\/address>\n<address>Line-up: Fl\u00e1vio (vocal), Beco e Evandro (guitarras), Ivan (baixo) e Paulo (bateria).<\/address>\n<address>\u00a0<\/address>\n<address>(**) Rehearsal # 02 &#8211; 1988<\/address>\n<address>Line-up:\u00a0 Beco (guitarra) e Paulo (bateria e vocal).<\/address>\n<p><em>Forma\u00e7\u00e3o: Paulo (vocal e bateria), Beco (guitarras) e Ivan (baixo).<\/em><\/p>\n<address>\u00a0<\/address>\n<hr \/>\n<h2><\/h2>\n<h2>2014 &#8211; DEMISE OF LIFE<\/h2>\n<p><img loading=\"lazy\" decoding=\"async\" class=\"alignleft\" title=\"Demise\" src=\"https:\/\/lh3.googleusercontent.com\/bb-H5ecstcMw-cvDNObuAaM8dtXYr9Q4Wjo4HuQH7gDhUcUuXuiUt9u9xeduuDrFqVVm3tS8e5uriCIBCskeNMgiMMBJMvr07NMGxytx8q-JQk5j2K_tMEgH7Mb4vxe6hdC5FfI9wYRF31WP82U4qVPCSFvbfCSgpJxQXaNWZs8gT6Y14Vcpp888CM8iLH7BQBiDWpKxlfTFpL8O1iacAJvkNe1N0qC09lyV9w4pV2su5Z4Dxj2FMV7YugOHcZ05nmfOBhgqvmtmg6KdbInMHh8Icuf3cJ9C_jdEczqCJ_T6G3Tv9fVM01hUOMWVFqLTrfopMye8pzI7lXaI8RiXujcCNW7AyyAt28pHlRIlIkXRbQYhItxQxoCzlNLC1lKUN6o3BEfzKPihXGlnpr2OkmAvkrKM6DkFRH7-2ovYvgwSMTW9bK6lq1ifvAnKvtA5TRJY0nwUwD3ca5nST1W04_-BbX-WMUQzK9y2I6Hhkc6rEUrWT6rTxxcw1k1n-I9UsyaCd3PM30wI8BLoTFufXwxo8C_wYP7MolArAC3o4xLHj_welLcpqFWM9-WBY00eNCYJBUTgsS4XpWv3y1lbExpv37qs1awaTMN2fa8PA79dI0RLqexWkDLdJEDP5-69sZ7CfK7Zyv2aRc9gbnM3zHULMIC25TY22LJqqEzWWdgOCR3WI4Fy8b1heNiI=s176-no\" alt=\"\" width=\"176\" height=\"176\" \/>01. Save the Forest<br \/>\n02. The Origin<br \/>\n03. Accidental Murder<br \/>\n04. Morte em Vida<br \/>\n05. Stupid Pleasure<br \/>\n06. Belo Morte<br \/>\n07. Spirit of Death<br \/>\n08. Terra sem Lei<br \/>\n09. Guantanamo<br \/>\n10. Demise of Life<\/p>\n<p>2\u00ba \u00e1lbum &#8220;<em>Full Length<\/em>&#8221;<br \/>\nM\u00eddia: CD<\/p>\n<p><em>Forma\u00e7\u00e3o: Paulo (vocal e bateria), Alexandre (guitarra solo e vocal), Gustavo (baixo) e Zaror (guitarra base).<\/em><\/p>\n<address>\u00a0<\/address>\n<hr \/>\n<h2><\/h2>\n<h2>2013 &#8211;\u00a0DESTRUI\u00c7\u00c3O MET\u00c1LICA (Relan\u00e7amento em CD)<\/h2>\n<p><a href=\"http:\/\/agressor.com.br\/ptbr\/wp-content\/uploads\/2012\/09\/capa2.jpg\"><img loading=\"lazy\" decoding=\"async\" class=\"alignleft size-full wp-image-279\" title=\"capa\" src=\"http:\/\/agressor.com.br\/ptbr\/wp-content\/uploads\/2012\/09\/capa2.jpg\" alt=\"\" width=\"177\" height=\"178\" srcset=\"http:\/\/agressor.com.br\/ptbr\/wp-content\/uploads\/2012\/09\/capa2.jpg 177w, http:\/\/agressor.com.br\/ptbr\/wp-content\/uploads\/2012\/09\/capa2-150x150.jpg 150w\" sizes=\"auto, (max-width: 177px) 100vw, 177px\" \/><\/a>01. S\u00e9culo XX<br \/>\n02. Ju\u00edzo Final<br \/>\n03. III Guerra Mundial<br \/>\n04. Destrui\u00e7\u00e3o Met\u00e1lica<\/p>\n<p>Bonus outtakes (Live version)<br \/>\n05. Ju\u00edzo Final (no vocals) (*)<br \/>\n06. III Guerra Mundial (*)<br \/>\n07. S\u00e9culo XX (*)<br \/>\n08. Sexta-feira 13 (**)<\/p>\n<p>Demo Tape (Relan\u00e7amento com b\u00f4nus e biografia parte 1)<br \/>\nM\u00eddia: CD<\/p>\n<address><span style=\"font-style: normal;\">(* ) \u00a0Outtakes gravados em 1986.<\/span><\/address>\n<address><span style=\"font-style: normal;\">(**) Outtake <\/span><span style=\"font-style: normal;\">gravado em<\/span><span style=\"font-style: normal;\"> 1983 por Walzinho (vocal), Fernando (guitarra), Evandro (baixo) e Paulo (bateria)<\/span><span style=\"font-style: normal;\">.<\/span><\/address>\n<address>\u00a0<\/address>\n<address>Forma\u00e7\u00e3o: Fredcore (vocal), Beco e Marco Aur\u00e9lio (guitarras), Jedae (baixo), Paulo (bateria).<\/address>\n<address>\u00a0<\/address>\n<hr \/>\n<h2><\/h2>\n<h2>2006 &#8211; VICTIM OF YOURSELF<\/h2>\n<p><img loading=\"lazy\" decoding=\"async\" class=\"alignleft size-medium wp-image-36\" title=\"2006 - Victim of Yourself - M\u00eddia CD\" src=\"http:\/\/agressor.com.br\/ptbr\/wp-content\/uploads\/2012\/09\/2006-Victim-of-Yourself-M\u00eddia-CD-300x300.jpg\" alt=\"\" width=\"177\" height=\"177\" srcset=\"http:\/\/agressor.com.br\/ptbr\/wp-content\/uploads\/2012\/09\/2006-Victim-of-Yourself-M\u00eddia-CD-300x300.jpg 300w, http:\/\/agressor.com.br\/ptbr\/wp-content\/uploads\/2012\/09\/2006-Victim-of-Yourself-M\u00eddia-CD-150x150.jpg 150w, http:\/\/agressor.com.br\/ptbr\/wp-content\/uploads\/2012\/09\/2006-Victim-of-Yourself-M\u00eddia-CD.jpg 531w\" sizes=\"auto, (max-width: 177px) 100vw, 177px\" \/>01. Toxicomaniac<br \/>\n02. Old Man<br \/>\n03. P-36<br \/>\n04. Onde est\u00e1 a coragem?<br \/>\n05. Sacred Words<br \/>\n06. Manipulation of Masses<br \/>\n07. Eyes to the World<br \/>\n08. Mercenary Politician<br \/>\n09. Dr. Death<br \/>\n10. Puppets of Society<\/p>\n<p>1\u00ba \u00e1lbum &#8220;<em>Full Length<\/em>&#8221;<br \/>\nM\u00eddia: CD<\/p>\n<address><em>Forma\u00e7\u00e3o: Paulo (bateria e vocal), Beco e Alexandre (guitarras) e Cl\u00e1udio (baixo).<\/em><\/address>\n<address>\u00a0<\/address>\n<hr \/>\n<h2><\/h2>\n<h2>2001 &#8211; KILL OR DIE (Relan\u00e7amento em vinil)<\/h2>\n<p><img loading=\"lazy\" decoding=\"async\" class=\"alignleft size-medium wp-image-35\" title=\"2001 - Kill or Die - M\u00eddia vinil\" src=\"http:\/\/agressor.com.br\/ptbr\/wp-content\/uploads\/2012\/09\/2001-Kill-or-Die-M\u00eddia-vinil-285x300.jpg\" alt=\"\" width=\"177\" height=\"177\" \/>01. Intro<br \/>\n02. Kill or Die<br \/>\n03. Spirit of Death<br \/>\n04. Lullaby<br \/>\n05. Mercenary Politician<br \/>\n06. Toxicomaniac<br \/>\n07. Accidental Murder<\/p>\n<p>&nbsp;<\/p>\n<p>&nbsp;<\/p>\n<p>EP (Relan\u00e7amento)<br \/>\nM\u00eddia: vinil<\/p>\n<p><em>Forma\u00e7\u00e3o: Paulo (vocal e bateria), Beco (guitarras) e Ivan (baixo).<\/em><\/p>\n<address>\u00a0<\/address>\n<hr \/>\n<h2><\/h2>\n<h2>1988 &#8211; KILL OR DIE<\/h2>\n<p><img loading=\"lazy\" decoding=\"async\" class=\"alignleft size-full wp-image-34\" title=\"1988 - Kill or Die - M\u00eddia Cassete\" src=\"http:\/\/agressor.com.br\/ptbr\/wp-content\/uploads\/2012\/09\/1988-Kill-or-Die-M\u00eddia-Cassete.jpg\" alt=\"\" width=\"177\" height=\"177\" srcset=\"http:\/\/agressor.com.br\/ptbr\/wp-content\/uploads\/2012\/09\/1988-Kill-or-Die-M\u00eddia-Cassete.jpg 177w, http:\/\/agressor.com.br\/ptbr\/wp-content\/uploads\/2012\/09\/1988-Kill-or-Die-M\u00eddia-Cassete-150x150.jpg 150w\" sizes=\"auto, (max-width: 177px) 100vw, 177px\" \/>01. Intro<br \/>\n02. Kill or Die<br \/>\n03. Spirit of Death<br \/>\n04. Lullaby<br \/>\n05. Mercenary Politician<br \/>\n06. Toxicomaniac<br \/>\n07. Accidental Murder<\/p>\n<p>&nbsp;<\/p>\n<p>&nbsp;<\/p>\n<p>EP<br \/>\nM\u00eddia: Cassete<\/p>\n<address><em>Forma\u00e7\u00e3o: Paulo (bateria e vocal), Beco (guitarras) e Ivan (baixo).<\/em><\/address>\n<address>\u00a0<\/address>\n<hr \/>\n<h2><\/h2>\n<h2>1986 &#8211; DESTRUI\u00c7\u00c3O MET\u00c1LICA<\/h2>\n<p><img loading=\"lazy\" decoding=\"async\" class=\"alignleft size-full wp-image-31\" title=\"1986 - Destrui\u00e7\u00e3o Met\u00e1lica - M\u00eddia cassete\" src=\"http:\/\/agressor.com.br\/ptbr\/wp-content\/uploads\/2012\/09\/1986-Destrui\u00e7\u00e3o-Met\u00e1lica-M\u00eddia-cassete.jpg\" alt=\"\" width=\"177\" height=\"177\" srcset=\"http:\/\/agressor.com.br\/ptbr\/wp-content\/uploads\/2012\/09\/1986-Destrui\u00e7\u00e3o-Met\u00e1lica-M\u00eddia-cassete.jpg 177w, http:\/\/agressor.com.br\/ptbr\/wp-content\/uploads\/2012\/09\/1986-Destrui\u00e7\u00e3o-Met\u00e1lica-M\u00eddia-cassete-150x150.jpg 150w\" sizes=\"auto, (max-width: 177px) 100vw, 177px\" \/>01. S\u00e9culo XX<br \/>\n02. Ju\u00edzo Final<br \/>\n03. III Guerra Mundial<br \/>\n04. Destrui\u00e7\u00e3o Met\u00e1lica<br \/>\n&nbsp;<\/p>\n<p>&nbsp;<\/p>\n<p>Demo Tape<br \/>\nM\u00eddia: Cassete<\/p>\n<address><em>Forma\u00e7\u00e3o: Fredcore (vocal), Beco e Marco Aur\u00e9lio (guitarras), Jedae (baixo) e Paulo (bateria).<\/em><\/address>\n","protected":false},"excerpt":{"rendered":"<p>2016 &#8211; KILL OR DIE (Relan\u00e7amento em CD) 01. Intro 02. Kill or Die 03. Spirit of Death 04. Lullaby 05. Mercenary Politician 06. Toxicomaniac 07. Accidental Murder &nbsp; B\u00f4nus (Rehearsal) 08. Spirit of Death (*) 09. Lullaby (*) 10. Kill or Die (**) 11. Lullaby (**) 12. Spirit of Death (**) 13. Mercenary Politician [&hellip;]<\/p>\n","protected":false},"author":1,"featured_media":0,"parent":0,"menu_order":0,"comment_status":"closed","ping_status":"closed","template":"","meta":{"ngg_post_thumbnail":0,"footnotes":""},"class_list":["post-13","page","type-page","status-publish","hentry"],"_links":{"self":[{"href":"http:\/\/agressor.com.br\/ptbr\/wp-json\/wp\/v2\/pages\/13","targetHints":{"allow":["GET"]}}],"collection":[{"href":"http:\/\/agressor.com.br\/ptbr\/wp-json\/wp\/v2\/pages"}],"about":[{"href":"http:\/\/agressor.com.br\/ptbr\/wp-json\/wp\/v2\/types\/page"}],"author":[{"embeddable":true,"href":"http:\/\/agressor.com.br\/ptbr\/wp-json\/wp\/v2\/users\/1"}],"replies":[{"embeddable":true,"href":"http:\/\/agressor.com.br\/ptbr\/wp-json\/wp\/v2\/comments?post=13"}],"version-history":[{"count":135,"href":"http:\/\/agressor.com.br\/ptbr\/wp-json\/wp\/v2\/pages\/13\/revisions"}],"predecessor-version":[{"id":560,"href":"http:\/\/agressor.com.br\/ptbr\/wp-json\/wp\/v2\/pages\/13\/revisions\/560"}],"wp:attachment":[{"href":"http:\/\/agressor.com.br\/ptbr\/wp-json\/wp\/v2\/media?parent=13"}],"curies":[{"name":"wp","href":"https:\/\/api.w.org\/{rel}","templated":true}]}}